{"id":154,"date":"2020-09-07T17:27:11","date_gmt":"2020-09-07T15:27:11","guid":{"rendered":"http:\/\/enversp.cluster023.hosting.ovh.net\/?page_id=154"},"modified":"2020-09-16T13:47:24","modified_gmt":"2020-09-16T11:47:24","slug":"devenir-cooperateur","status":"publish","type":"page","link":"https:\/\/enversdumiroir.be\/?page_id=154","title":{"rendered":"Devenir coop\u00e9rateur"},"content":{"rendered":"\t\t<div data-elementor-type=\"wp-page\" data-elementor-id=\"154\" class=\"elementor elementor-154\" data-elementor-settings=\"[]\">\n\t\t\t\t\t\t<div class=\"elementor-inner\">\n\t\t\t\t\t\t\t<div class=\"elementor-section-wrap\">\n\t\t\t\t\t\t\t<section class=\"elementor-section elementor-top-section elementor-element elementor-element-6cb22380 elementor-section-boxed elementor-section-height-default elementor-section-height-default\" data-id=\"6cb22380\" data-element_type=\"section\">\n\t\t\t\t\t\t<div class=\"elementor-container elementor-column-gap-default\">\n\t\t\t\t\t\t\t<div class=\"elementor-row\">\n\t\t\t\t\t<div class=\"elementor-column elementor-col-50 elementor-top-column elementor-element elementor-element-1ba83d63\" data-id=\"1ba83d63\" data-element_type=\"column\">\n\t\t\t<div class=\"elementor-column-wrap elementor-element-populated\">\n\t\t\t\t\t\t\t<div class=\"elementor-widget-wrap\">\n\t\t\t\t\t\t<div class=\"elementor-element elementor-element-67631bdc elementor-widget elementor-widget-heading\" data-id=\"67631bdc\" data-element_type=\"widget\" data-widget_type=\"heading.default\">\n\t\t\t\t<div class=\"elementor-widget-container\">\n\t\t\t<h2 class=\"elementor-heading-title elementor-size-default\">Devenir coop\u00e9rateur<\/h2>\t\t<\/div>\n\t\t\t\t<\/div>\n\t\t\t\t<div class=\"elementor-element elementor-element-43d9d60 elementor-widget elementor-widget-text-editor\" data-id=\"43d9d60\" data-element_type=\"widget\" data-widget_type=\"text-editor.default\">\n\t\t\t\t<div class=\"elementor-widget-container\">\n\t\t\t\t\t<div class=\"elementor-text-editor elementor-clearfix\"><p class=\"p1\"><span class=\"s1\">L\u2019Envers du Miroir est une soci\u00e9t\u00e9 coop\u00e9rative cr\u00e9\u00e9e en 2019 par trois fondateurs. Le capital social est illimit\u00e9. Il est repr\u00e9sent\u00e9 par des parts sociales d\u2019une valeur de 200\u20ac. Chacun peut y adh\u00e9rer sans discrimination. <\/span><\/p><p class=\"p1\"><span class=\"s2\"><b>En prenant une ou plusieurs parts de 200 \u20ac, vous devenez coop\u00e9rateur et disposez d&rsquo;une voix dans la coop\u00e9rative<\/b><\/span><span class=\"s1\">. Vous participez ainsi activement \u00e0 une initiative nouvelle bas\u00e9e sur le d\u00e9veloppement des capacit\u00e9s \u00e0 l\u2019imagination et \u00e0 la cr\u00e9ation artistique.<\/span><\/p><p class=\"p1\"><span class=\"s1\">Les achats de parts constitueront un fond de garantie aupr\u00e8s de la soci\u00e9t\u00e9 coop\u00e9rative de financement Cr\u00e9dal et ensemble (tous les coop\u00e9rateurs en assembl\u00e9e g\u00e9n\u00e9rale) nous d\u00e9ciderons des projets prioritaires.<br \/><br \/>Il s\u2019agit donc d\u2019une mani\u00e8re diff\u00e9rente de placer son argent. Nous pensons que le monde de demain peut \u00eatre diff\u00e9rent, ax\u00e9 sur des valeurs positives et constructives, \u00e9labor\u00e9es gr\u00e2ce \u00e0 la compr\u00e9hension des modes fondamentaux qui nous ont permis de nous r\u00e9aliser.<\/span><\/p><p>Actuellement laisser son argent \u00e0 la banque ne rapporte quasi rien (le meilleur taux du march\u00e9 pour un livret d&rsquo;\u00e9pargne, et il faut encore le trouver ailleurs que dans les grandes institutions, est de l&rsquo;ordre de 0,2% ) tandis que <strong>l&rsquo;adh\u00e9sion \u00e0 la coop\u00e9rative, par l&rsquo;achat de parts d&rsquo;une valeur de 200 \u20ac (40 cents, maximum, d&rsquo;int\u00e9r\u00eats par an \u00e0 la banque ! ), permet \u00e0 chacun d&rsquo;obtenir une voix \u00e0 l&rsquo;assembl\u00e9e g\u00e9n\u00e9rale et de proposer une activit\u00e9 en concordance avec les buts poursuivis. <\/strong>Elle permet \u00e9galement de soutenir des projets propos\u00e9s par d&rsquo;autres coop\u00e9rateurs.<\/p><p>Les parts sociales peuvent se c\u00e9der et se revendre, il ne s&rsquo;agit donc pas de crowdfunding, d&rsquo;appel aux dons mais bien d&rsquo;un investissement productif et durable.<\/p><p>Chaque projet retenu sera l&rsquo;occasion d&rsquo;un \u00e9panouissement personnel et ainsi se d\u00e9veloppera une dynamique qui permettra de cr\u00e9er un nouveau mode de fonctionnement de soci\u00e9t\u00e9. Pensons aux circuits courts, \u00e0 l&rsquo;aide \u00e0 l&rsquo;installation d&rsquo;une activit\u00e9, au soutien \u00e0 des jeunes \u00e0 la recherche d&rsquo;un encadrement etc&#8230;<\/p><p>La premi\u00e8re assembl\u00e9e g\u00e9n\u00e9rale est pr\u00e9vue en novembre 2020, nous serions heureux de vous y rencontrer.<\/p><p>\u00a0<\/p><p>\u00a0<\/p><\/div>\n\t\t\t\t<\/div>\n\t\t\t\t<\/div>\n\t\t\t\t\t\t<\/div>\n\t\t\t\t\t<\/div>\n\t\t<\/div>\n\t\t\t\t<div class=\"elementor-column elementor-col-50 elementor-top-column elementor-element elementor-element-2c24c94\" data-id=\"2c24c94\" data-element_type=\"column\" data-settings=\"{&quot;background_background&quot;:&quot;classic&quot;}\">\n\t\t\t<div class=\"elementor-column-wrap elementor-element-populated\">\n\t\t\t\t\t\t\t<div class=\"elementor-widget-wrap\">\n\t\t\t\t\t\t<div class=\"elementor-element elementor-element-d681aed elementor-widget elementor-widget-spacer\" data-id=\"d681aed\" data-element_type=\"widget\" data-widget_type=\"spacer.default\">\n\t\t\t\t<div class=\"elementor-widget-container\">\n\t\t\t\t\t<div class=\"elementor-spacer\">\n\t\t\t<div class=\"elementor-spacer-inner\"><\/div>\n\t\t<\/div>\n\t\t\t\t<\/div>\n\t\t\t\t<\/div>\n\t\t\t\t<div class=\"elementor-element elementor-element-1c3c8f6 elementor-view-stacked elementor-shape-circle elementor-position-top elementor-vertical-align-top elementor-widget elementor-widget-icon-box\" data-id=\"1c3c8f6\" data-element_type=\"widget\" data-widget_type=\"icon-box.default\">\n\t\t\t\t<div class=\"elementor-widget-container\">\n\t\t\t\t\t<div class=\"elementor-icon-box-wrapper\">\n\t\t\t\t\t\t<div class=\"elementor-icon-box-icon\">\n\t\t\t\t<a class=\"elementor-icon elementor-animation-\" href=\"https:\/\/enversdumiroir.be\/wp-content\/uploads\/2020\/09\/Re\u0301sume\u0301-Statuts-SCEM_Aou20.pdf\" target=\"_blank\">\n\t\t\t\t<i aria-hidden=\"true\" class=\"fas fa-file-download\"><\/i>\t\t\t\t<\/a>\n\t\t\t<\/div>\n\t\t\t\t\t\t<div class=\"elementor-icon-box-content\">\n\t\t\t\t<h5 class=\"elementor-icon-box-title\">\n\t\t\t\t\t<a href=\"https:\/\/enversdumiroir.be\/wp-content\/uploads\/2020\/09\/Re\u0301sume\u0301-Statuts-SCEM_Aou20.pdf\" target=\"_blank\">Extraits des statuts<\/a>\n\t\t\t\t<\/h5>\n\t\t\t\t\t\t\t<\/div>\n\t\t<\/div>\n\t\t\t\t<\/div>\n\t\t\t\t<\/div>\n\t\t\t\t<div class=\"elementor-element elementor-element-c3714cb elementor-widget elementor-widget-spacer\" data-id=\"c3714cb\" data-element_type=\"widget\" data-widget_type=\"spacer.default\">\n\t\t\t\t<div class=\"elementor-widget-container\">\n\t\t\t\t\t<div class=\"elementor-spacer\">\n\t\t\t<div class=\"elementor-spacer-inner\"><\/div>\n\t\t<\/div>\n\t\t\t\t<\/div>\n\t\t\t\t<\/div>\n\t\t\t\t<div class=\"elementor-element elementor-element-8e1efdf elementor-view-stacked elementor-shape-circle elementor-position-top elementor-vertical-align-top elementor-widget elementor-widget-icon-box\" data-id=\"8e1efdf\" data-element_type=\"widget\" data-widget_type=\"icon-box.default\">\n\t\t\t\t<div class=\"elementor-widget-container\">\n\t\t\t\t\t<div class=\"elementor-icon-box-wrapper\">\n\t\t\t\t\t\t<div class=\"elementor-icon-box-icon\">\n\t\t\t\t<a class=\"elementor-icon elementor-animation-\" href=\"https:\/\/enversdumiroir.be\/wp-content\/uploads\/2020\/09\/XP-const-scrl.pdf\" target=\"_blank\">\n\t\t\t\t<i aria-hidden=\"true\" class=\"fas fa-file-download\"><\/i>\t\t\t\t<\/a>\n\t\t\t<\/div>\n\t\t\t\t\t\t<div class=\"elementor-icon-box-content\">\n\t\t\t\t<h5 class=\"elementor-icon-box-title\">\n\t\t\t\t\t<a href=\"https:\/\/enversdumiroir.be\/wp-content\/uploads\/2020\/09\/XP-const-scrl.pdf\" target=\"_blank\">Statuts complets<\/a>\n\t\t\t\t<\/h5>\n\t\t\t\t\t\t\t<\/div>\n\t\t<\/div>\n\t\t\t\t<\/div>\n\t\t\t\t<\/div>\n\t\t\t\t<div class=\"elementor-element elementor-element-733bc43 elementor-widget elementor-widget-spacer\" data-id=\"733bc43\" data-element_type=\"widget\" data-widget_type=\"spacer.default\">\n\t\t\t\t<div class=\"elementor-widget-container\">\n\t\t\t\t\t<div class=\"elementor-spacer\">\n\t\t\t<div class=\"elementor-spacer-inner\"><\/div>\n\t\t<\/div>\n\t\t\t\t<\/div>\n\t\t\t\t<\/div>\n\t\t\t\t<div class=\"elementor-element elementor-element-ca63bb9 elementor-view-stacked elementor-shape-circle elementor-position-top elementor-vertical-align-top elementor-widget elementor-widget-icon-box\" data-id=\"ca63bb9\" data-element_type=\"widget\" data-widget_type=\"icon-box.default\">\n\t\t\t\t<div class=\"elementor-widget-container\">\n\t\t\t\t\t<div class=\"elementor-icon-box-wrapper\">\n\t\t\t\t\t\t<div class=\"elementor-icon-box-icon\">\n\t\t\t\t<a class=\"elementor-icon elementor-animation-\" href=\"https:\/\/enversdumiroir.be\/wp-content\/uploads\/2020\/09\/Promesse-part-sociale-SCEM_V1_27AOU20-1.pdf\">\n\t\t\t\t<i aria-hidden=\"true\" class=\"fas fa-file-download\"><\/i>\t\t\t\t<\/a>\n\t\t\t<\/div>\n\t\t\t\t\t\t<div class=\"elementor-icon-box-content\">\n\t\t\t\t<h5 class=\"elementor-icon-box-title\">\n\t\t\t\t\t<a href=\"https:\/\/enversdumiroir.be\/wp-content\/uploads\/2020\/09\/Promesse-part-sociale-SCEM_V1_27AOU20-1.pdf\">Achat de part sociale<\/a>\n\t\t\t\t<\/h5>\n\t\t\t\t\t\t\t\t<p class=\"elementor-icon-box-description\">Si vous souhaitez acqu\u00e9rir une ou plusieurs parts sociales, remplissez ce bon et envoyez-le nous par mail \u00e0 info@enversdumiroir.be ou via le lien ci-dessous.<\/p>\n\t\t\t\t\t\t\t<\/div>\n\t\t<\/div>\n\t\t\t\t<\/div>\n\t\t\t\t<\/div>\n\t\t\t\t<div class=\"elementor-element elementor-element-c90b025 elementor-widget elementor-widget-spacer\" data-id=\"c90b025\" data-element_type=\"widget\" data-widget_type=\"spacer.default\">\n\t\t\t\t<div class=\"elementor-widget-container\">\n\t\t\t\t\t<div class=\"elementor-spacer\">\n\t\t\t<div class=\"elementor-spacer-inner\"><\/div>\n\t\t<\/div>\n\t\t\t\t<\/div>\n\t\t\t\t<\/div>\n\t\t\t\t<div class=\"elementor-element elementor-element-1944b6e elementor-view-stacked elementor-shape-circle elementor-position-top elementor-vertical-align-top elementor-widget elementor-widget-icon-box\" data-id=\"1944b6e\" data-element_type=\"widget\" data-widget_type=\"icon-box.default\">\n\t\t\t\t<div class=\"elementor-widget-container\">\n\t\t\t\t\t<div class=\"elementor-icon-box-wrapper\">\n\t\t\t\t\t\t<div class=\"elementor-icon-box-icon\">\n\t\t\t\t<a class=\"elementor-icon elementor-animation-\" href=\"mailto:info@enversdumiroir.be\">\n\t\t\t\t<i aria-hidden=\"true\" class=\"fas fa-file-upload\"><\/i>\t\t\t\t<\/a>\n\t\t\t<\/div>\n\t\t\t\t\t\t<div class=\"elementor-icon-box-content\">\n\t\t\t\t<h5 class=\"elementor-icon-box-title\">\n\t\t\t\t\t<a href=\"mailto:info@enversdumiroir.be\">Envoyez votre demande<\/a>\n\t\t\t\t<\/h5>\n\t\t\t\t\t\t\t\t<p class=\"elementor-icon-box-description\">Ajoutez le document en pi\u00e8ce jointe au mail, nous reviendrons vers vous avec la confirmation.<\/p>\n\t\t\t\t\t\t\t<\/div>\n\t\t<\/div>\n\t\t\t\t<\/div>\n\t\t\t\t<\/div>\n\t\t\t\t\t\t<\/div>\n\t\t\t\t\t<\/div>\n\t\t<\/div>\n\t\t\t\t\t\t\t\t<\/div>\n\t\t\t\t\t<\/div>\n\t\t<\/section>\n\t\t\t\t\t\t<\/div>\n\t\t\t\t\t\t<\/div>\n\t\t\t\t\t<\/div>\n\t\t","protected":false},"excerpt":{"rendered":"<p>Devenir coop\u00e9rateur L\u2019Envers du Miroir est une soci\u00e9t\u00e9 coop\u00e9rative cr\u00e9\u00e9e en 2019 par trois fondateurs. Le capital social est illimit\u00e9. Il est repr\u00e9sent\u00e9 par des parts sociales d\u2019une valeur de 200\u20ac. Chacun peut y adh\u00e9rer sans discrimination. En prenant une ou plusieurs parts de 200 \u20ac, vous devenez coop\u00e9rateur et disposez d&rsquo;une voix dans la&hellip;&nbsp;<a href=\"https:\/\/enversdumiroir.be\/?page_id=154\" class=\"\" rel=\"bookmark\">Lire la suite &raquo;<span class=\"screen-reader-text\">Devenir coop\u00e9rateur<\/span><\/a><\/p>\n","protected":false},"author":3,"featured_media":0,"parent":0,"menu_order":0,"comment_status":"closed","ping_status":"closed","template":"","meta":{"neve_meta_sidebar":"full-width","neve_meta_container":"","neve_meta_enable_content_width":"on","neve_meta_content_width":100,"neve_meta_title_alignment":"","neve_meta_author_avatar":"","neve_post_elements_order":"","neve_meta_disable_header":"","neve_meta_disable_footer":"","neve_meta_disable_title":"on"},"_links":{"self":[{"href":"https:\/\/enversdumiroir.be\/index.php?rest_route=\/wp\/v2\/pages\/154"}],"collection":[{"href":"https:\/\/enversdumiroir.be\/index.php?rest_route=\/wp\/v2\/pages"}],"about":[{"href":"https:\/\/enversdumiroir.be\/index.php?rest_route=\/wp\/v2\/types\/page"}],"author":[{"embeddable":true,"href":"https:\/\/enversdumiroir.be\/index.php?rest_route=\/wp\/v2\/users\/3"}],"replies":[{"embeddable":true,"href":"https:\/\/enversdumiroir.be\/index.php?rest_route=%2Fwp%2Fv2%2Fcomments&post=154"}],"version-history":[{"count":16,"href":"https:\/\/enversdumiroir.be\/index.php?rest_route=\/wp\/v2\/pages\/154\/revisions"}],"predecessor-version":[{"id":213,"href":"https:\/\/enversdumiroir.be\/index.php?rest_route=\/wp\/v2\/pages\/154\/revisions\/213"}],"wp:attachment":[{"href":"https:\/\/enversdumiroir.be\/index.php?rest_route=%2Fwp%2Fv2%2Fmedia&parent=154"}],"curies":[{"name":"wp","href":"https:\/\/api.w.org\/{rel}","templated":true}]}}